{"id":71,"date":"2024-12-05T11:42:15","date_gmt":"2024-12-05T11:42:15","guid":{"rendered":"https:\/\/astronomiamadeira.pt\/?page_id=71"},"modified":"2026-02-18T15:56:15","modified_gmt":"2026-02-18T15:56:15","slug":"observatorios","status":"publish","type":"page","link":"https:\/\/astronomiamadeira.pt\/?page_id=71","title":{"rendered":"Observat\u00f3rios"},"content":{"rendered":"\n<p>A Associa\u00e7\u00e3o de Astronomia da Madeira (AAAM) gere atualmente dois observat\u00f3rios localizados na Casa do Arieiro, a 1540 metros de altitude. Estes s\u00e3o pontos de refer\u00eancia para a observa\u00e7\u00e3o astron\u00f3mica na regi\u00e3o e desempenham um papel vital na promo\u00e7\u00e3o da astronomia entre os associados e a comunidade em geral.<\/p>\n\n\n\n<figure class=\"wp-block-embed is-type-video is-provider-youtube wp-block-embed-youtube wp-embed-aspect-16-9 wp-has-aspect-ratio\"><div class=\"wp-block-embed__wrapper\">\n<iframe loading=\"lazy\" title=\"Drone view OPAF\" width=\"1290\" height=\"726\" src=\"https:\/\/www.youtube.com\/embed\/mRf5XFnkDr0?feature=oembed\" frameborder=\"0\" allow=\"accelerometer; autoplay; clipboard-write; encrypted-media; gyroscope; picture-in-picture; web-share\" referrerpolicy=\"strict-origin-when-cross-origin\" allowfullscreen><\/iframe>\n<\/div><\/figure>\n\n\n\n<p><strong>Observat\u00f3rio e Parque Astron\u00f3mico do Funchal (OPAF)<\/strong><\/p>\n\n\n\n<p>O Observat\u00f3rio e Parque Astron\u00f3mico do Funchal (OPAF) \u00e9 uma infraestrutura cedida pela C\u00e2mara Municipal do Funchal. Este observat\u00f3rio est\u00e1 equipado com uma c\u00fapula pr\u00f3pria e independente, proporcionando condi\u00e7\u00f5es ideais para observa\u00e7\u00e3o do c\u00e9u profundo.<\/p>\n\n\n\n<figure class=\"wp-block-gallery has-nested-images columns-default is-cropped wp-block-gallery-1 is-layout-flex wp-block-gallery-is-layout-flex\">\n<figure class=\"wp-block-image size-large\"><img loading=\"lazy\" decoding=\"async\" width=\"1024\" height=\"683\" data-id=\"774\" src=\"https:\/\/astronomiamadeira.pt\/wp-content\/uploads\/2025\/01\/1-DSCF9509-1024x683.jpg\" alt=\"\" class=\"wp-image-774\" srcset=\"https:\/\/astronomiamadeira.pt\/wp-content\/uploads\/2025\/01\/1-DSCF9509-1024x683.jpg 1024w, https:\/\/astronomiamadeira.pt\/wp-content\/uploads\/2025\/01\/1-DSCF9509-300x200.jpg 300w, https:\/\/astronomiamadeira.pt\/wp-content\/uploads\/2025\/01\/1-DSCF9509-768x512.jpg 768w, https:\/\/astronomiamadeira.pt\/wp-content\/uploads\/2025\/01\/1-DSCF9509-1536x1024.jpg 1536w, https:\/\/astronomiamadeira.pt\/wp-content\/uploads\/2025\/01\/1-DSCF9509.jpg 2048w\" sizes=\"auto, (max-width: 1024px) 100vw, 1024px\" \/><\/figure>\n\n\n\n<figure class=\"wp-block-image size-large\"><img loading=\"lazy\" decoding=\"async\" width=\"683\" height=\"1024\" data-id=\"777\" src=\"https:\/\/astronomiamadeira.pt\/wp-content\/uploads\/2025\/01\/2-DSCF9507-683x1024.jpg\" alt=\"\" class=\"wp-image-777\" srcset=\"https:\/\/astronomiamadeira.pt\/wp-content\/uploads\/2025\/01\/2-DSCF9507-683x1024.jpg 683w, https:\/\/astronomiamadeira.pt\/wp-content\/uploads\/2025\/01\/2-DSCF9507-200x300.jpg 200w, https:\/\/astronomiamadeira.pt\/wp-content\/uploads\/2025\/01\/2-DSCF9507-768x1152.jpg 768w, https:\/\/astronomiamadeira.pt\/wp-content\/uploads\/2025\/01\/2-DSCF9507-1024x1536.jpg 1024w, https:\/\/astronomiamadeira.pt\/wp-content\/uploads\/2025\/01\/2-DSCF9507.jpg 1365w\" sizes=\"auto, (max-width: 683px) 100vw, 683px\" \/><\/figure>\n\n\n\n<figure class=\"wp-block-image size-large\"><img loading=\"lazy\" decoding=\"async\" width=\"1024\" height=\"683\" data-id=\"775\" src=\"https:\/\/astronomiamadeira.pt\/wp-content\/uploads\/2025\/01\/3-DSCF9505-1024x683.jpg\" alt=\"\" class=\"wp-image-775\" srcset=\"https:\/\/astronomiamadeira.pt\/wp-content\/uploads\/2025\/01\/3-DSCF9505-1024x683.jpg 1024w, https:\/\/astronomiamadeira.pt\/wp-content\/uploads\/2025\/01\/3-DSCF9505-300x200.jpg 300w, https:\/\/astronomiamadeira.pt\/wp-content\/uploads\/2025\/01\/3-DSCF9505-768x512.jpg 768w, https:\/\/astronomiamadeira.pt\/wp-content\/uploads\/2025\/01\/3-DSCF9505-1536x1024.jpg 1536w, https:\/\/astronomiamadeira.pt\/wp-content\/uploads\/2025\/01\/3-DSCF9505.jpg 2048w\" sizes=\"auto, (max-width: 1024px) 100vw, 1024px\" \/><\/figure>\n\n\n\n<figure class=\"wp-block-image size-large\"><img loading=\"lazy\" decoding=\"async\" width=\"1024\" height=\"683\" data-id=\"776\" src=\"https:\/\/astronomiamadeira.pt\/wp-content\/uploads\/2025\/01\/4-DSCF9502-1024x683.jpg\" alt=\"\" class=\"wp-image-776\" srcset=\"https:\/\/astronomiamadeira.pt\/wp-content\/uploads\/2025\/01\/4-DSCF9502-1024x683.jpg 1024w, https:\/\/astronomiamadeira.pt\/wp-content\/uploads\/2025\/01\/4-DSCF9502-300x200.jpg 300w, https:\/\/astronomiamadeira.pt\/wp-content\/uploads\/2025\/01\/4-DSCF9502-768x512.jpg 768w, https:\/\/astronomiamadeira.pt\/wp-content\/uploads\/2025\/01\/4-DSCF9502-1536x1024.jpg 1536w, https:\/\/astronomiamadeira.pt\/wp-content\/uploads\/2025\/01\/4-DSCF9502.jpg 2048w\" sizes=\"auto, (max-width: 1024px) 100vw, 1024px\" \/><\/figure>\n<\/figure>\n\n\n\n<p>O OPAF est\u00e1 atualmente em fase de manuten\u00e7\u00e3o, com previs\u00e3o de estar operacional ao longo do ano de 2025. A sua infraestrutura inclui um telesc\u00f3pio Ritchey-Chr\u00e9tien (RC) de 16 polegadas, uma montagem guiada GM3000 e um sistema de guiagem adicional com um refrator acoplado. Esta combina\u00e7\u00e3o permite observa\u00e7\u00f5es detalhadas de gal\u00e1xias, nebulosas e outros objetos celestes de c\u00e9u profundo.<\/p>\n\n\n\n<p><strong>Observat\u00f3rio Solar Prof. Duarte Joaquim<\/strong><\/p>\n\n\n\n<p>O Observat\u00f3rio Solar Prof. Duarte Joaquim est\u00e1 localizado num anexo da Casa do Arieiro e destaca-se pelo seu teto de correr automatizado. Este observat\u00f3rio \u00e9 multifuncional, servindo tanto para observa\u00e7\u00f5es solares durante o dia, como para observa\u00e7\u00f5es noturnas abertas aos associados.<\/p>\n\n\n\n<figure class=\"wp-block-gallery has-nested-images columns-default is-cropped wp-block-gallery-2 is-layout-flex wp-block-gallery-is-layout-flex\">\n<figure class=\"wp-block-image size-large\"><img loading=\"lazy\" decoding=\"async\" width=\"768\" height=\"1024\" data-id=\"778\" src=\"https:\/\/astronomiamadeira.pt\/wp-content\/uploads\/2025\/01\/IMG_0235-768x1024.jpeg\" alt=\"\" class=\"wp-image-778\" srcset=\"https:\/\/astronomiamadeira.pt\/wp-content\/uploads\/2025\/01\/IMG_0235-768x1024.jpeg 768w, https:\/\/astronomiamadeira.pt\/wp-content\/uploads\/2025\/01\/IMG_0235-225x300.jpeg 225w, https:\/\/astronomiamadeira.pt\/wp-content\/uploads\/2025\/01\/IMG_0235-1152x1536.jpeg 1152w, https:\/\/astronomiamadeira.pt\/wp-content\/uploads\/2025\/01\/IMG_0235-1536x2048.jpeg 1536w, https:\/\/astronomiamadeira.pt\/wp-content\/uploads\/2025\/01\/IMG_0235-scaled.jpeg 1920w\" sizes=\"auto, (max-width: 768px) 100vw, 768px\" \/><\/figure>\n\n\n\n<figure class=\"wp-block-image size-large\"><img loading=\"lazy\" decoding=\"async\" width=\"1024\" height=\"768\" data-id=\"779\" src=\"https:\/\/astronomiamadeira.pt\/wp-content\/uploads\/2025\/01\/IMG_0237-1024x768.jpeg\" alt=\"\" class=\"wp-image-779\" srcset=\"https:\/\/astronomiamadeira.pt\/wp-content\/uploads\/2025\/01\/IMG_0237-1024x768.jpeg 1024w, https:\/\/astronomiamadeira.pt\/wp-content\/uploads\/2025\/01\/IMG_0237-300x225.jpeg 300w, https:\/\/astronomiamadeira.pt\/wp-content\/uploads\/2025\/01\/IMG_0237-768x576.jpeg 768w, https:\/\/astronomiamadeira.pt\/wp-content\/uploads\/2025\/01\/IMG_0237-1536x1152.jpeg 1536w, https:\/\/astronomiamadeira.pt\/wp-content\/uploads\/2025\/01\/IMG_0237-2048x1536.jpeg 2048w\" sizes=\"auto, (max-width: 1024px) 100vw, 1024px\" \/><\/figure>\n<\/figure>\n\n\n\n<p>Durante o dia, o Observat\u00f3rio Solar \u00e9 utilizado para monitorizar a atividade solar com recurso a um telesc\u00f3pio Coronado ST80\/900, especializado em observa\u00e7\u00e3o da cromosfera solar e manchas solares. \u00c0 noite, o espa\u00e7o est\u00e1 dispon\u00edvel para uso livre dos associados que desejem instalar e operar os seus pr\u00f3prios equipamentos.<\/p>\n\n\n\n<p>A infraestrutura do Observat\u00f3rio Solar inclui dois pilares para acoplamento de telesc\u00f3pios, sistema de energia e CCTV, garantindo seguran\u00e7a e condi\u00e7\u00f5es de observa\u00e7\u00e3o otimizadas.<\/p>\n","protected":false},"excerpt":{"rendered":"<p>A Associa\u00e7\u00e3o de Astronomia da Madeira (AAAM) gere atualmente dois observat\u00f3rios localizados na Casa do Arieiro, a 1540 metros de altitude. Estes s\u00e3o pontos de refer\u00eancia para a observa\u00e7\u00e3o astron\u00f3mica na regi\u00e3o e desempenham um papel vital na promo\u00e7\u00e3o da astronomia entre os associados e a comunidade em geral. Observat\u00f3rio e Parque Astron\u00f3mico do Funchal [&hellip;]<\/p>\n","protected":false},"author":1,"featured_media":0,"parent":0,"menu_order":0,"comment_status":"closed","ping_status":"closed","template":"","meta":{"cybocfi_hide_featured_image":"","footnotes":""},"class_list":["post-71","page","type-page","status-publish","hentry"],"blocksy_meta":[],"_links":{"self":[{"href":"https:\/\/astronomiamadeira.pt\/index.php?rest_route=\/wp\/v2\/pages\/71","targetHints":{"allow":["GET"]}}],"collection":[{"href":"https:\/\/astronomiamadeira.pt\/index.php?rest_route=\/wp\/v2\/pages"}],"about":[{"href":"https:\/\/astronomiamadeira.pt\/index.php?rest_route=\/wp\/v2\/types\/page"}],"author":[{"embeddable":true,"href":"https:\/\/astronomiamadeira.pt\/index.php?rest_route=\/wp\/v2\/users\/1"}],"replies":[{"embeddable":true,"href":"https:\/\/astronomiamadeira.pt\/index.php?rest_route=%2Fwp%2Fv2%2Fcomments&post=71"}],"version-history":[{"count":5,"href":"https:\/\/astronomiamadeira.pt\/index.php?rest_route=\/wp\/v2\/pages\/71\/revisions"}],"predecessor-version":[{"id":1266,"href":"https:\/\/astronomiamadeira.pt\/index.php?rest_route=\/wp\/v2\/pages\/71\/revisions\/1266"}],"wp:attachment":[{"href":"https:\/\/astronomiamadeira.pt\/index.php?rest_route=%2Fwp%2Fv2%2Fmedia&parent=71"}],"curies":[{"name":"wp","href":"https:\/\/api.w.org\/{rel}","templated":true}]}}