{"id":900,"date":"2025-01-13T10:14:18","date_gmt":"2025-01-13T10:14:18","guid":{"rendered":"https:\/\/astronomiamadeira.pt\/?page_id=900"},"modified":"2025-01-22T15:22:56","modified_gmt":"2025-01-22T15:22:56","slug":"educacao","status":"publish","type":"page","link":"https:\/\/astronomiamadeira.pt\/?page_id=900","title":{"rendered":"Educa\u00e7\u00e3o"},"content":{"rendered":"\n<figure class=\"wp-block-image size-large\"><img loading=\"lazy\" decoding=\"async\" width=\"2048\" height=\"1151\" src=\"https:\/\/astronomiamadeira.pt\/wp-content\/uploads\/2025\/01\/353637014_6253875131333028_3556003630242401484_n-edited.jpg\" alt=\"\" class=\"wp-image-1030\" srcset=\"https:\/\/astronomiamadeira.pt\/wp-content\/uploads\/2025\/01\/353637014_6253875131333028_3556003630242401484_n-edited.jpg 2048w, https:\/\/astronomiamadeira.pt\/wp-content\/uploads\/2025\/01\/353637014_6253875131333028_3556003630242401484_n-edited-300x169.jpg 300w, https:\/\/astronomiamadeira.pt\/wp-content\/uploads\/2025\/01\/353637014_6253875131333028_3556003630242401484_n-edited-1024x576.jpg 1024w, https:\/\/astronomiamadeira.pt\/wp-content\/uploads\/2025\/01\/353637014_6253875131333028_3556003630242401484_n-edited-768x432.jpg 768w, https:\/\/astronomiamadeira.pt\/wp-content\/uploads\/2025\/01\/353637014_6253875131333028_3556003630242401484_n-edited-1536x863.jpg 1536w\" sizes=\"auto, (max-width: 2048px) 100vw, 2048px\" \/><\/figure>\n\n\n\n<p>A Associa\u00e7\u00e3o de Astronomia da Madeira promove palestras e sess\u00f5es educativas de astronomia em todas as escolas da regi\u00e3o, abrangendo o 2.\u00ba e o 3.\u00ba ciclos do ensino b\u00e1sico e o ensino secund\u00e1rio. Estas atividades, cuidadosamente preparadas, t\u00eam como objetivo despertar o interesse pela ci\u00eancia, estimular a curiosidade dos alunos e refor\u00e7ar os conhecimentos relacionados com o universo e os seus fen\u00f3menos.<\/p>\n\n\n\n<p>Entre os temas dispon\u00edveis, destacam-se:<\/p>\n\n\n\n<ul class=\"wp-block-list\">\n<li>Explora\u00e7\u00e3o Espacial \u2013 Marte<\/li>\n\n\n\n<li>Sistema Terra-Lua: Consequ\u00eancias e Movimentos<\/li>\n\n\n\n<li>Como Funciona o C\u00e9u Afinal??<\/li>\n\n\n\n<li>Gravita\u00e7\u00e3o: Lei Universal Explicada<\/li>\n\n\n\n<li>Evolu\u00e7\u00e3o dos Modelos Cosmol\u00f3gicos<\/li>\n\n\n\n<li>Onde Estamos N\u00f3s? Viagem pelo Sistema Solar<\/li>\n\n\n\n<li>Eclipse Total do Sol<\/li>\n\n\n\n<li>Explora\u00e7\u00e3o Espacial<\/li>\n\n\n\n<li>O Futuro da Lua<\/li>\n\n\n\n<li>As Constela\u00e7\u00f5es<\/li>\n\n\n\n<li>Breve Hist\u00f3ria do Tempo e do Espa\u00e7o<\/li>\n\n\n\n<li>Portas para os Cosmos<\/li>\n<\/ul>\n\n\n\n<p>Complementando estas palestras, realizamos tamb\u00e9m sess\u00f5es pr\u00e1ticas de observa\u00e7\u00e3o astron\u00f3mica, que podem ocorrer durante o dia, com a visualiza\u00e7\u00e3o do Sol, manchas solares e outros fen\u00f3menos, ou durante a noite, para a explora\u00e7\u00e3o do c\u00e9u.<\/p>\n\n\n\n<figure class=\"wp-block-gallery has-nested-images columns-default is-cropped wp-block-gallery-1 is-layout-flex wp-block-gallery-is-layout-flex\">\n<figure class=\"wp-block-image size-large\"><img loading=\"lazy\" decoding=\"async\" width=\"1024\" height=\"478\" data-id=\"1029\" src=\"https:\/\/astronomiamadeira.pt\/wp-content\/uploads\/2025\/01\/407397177_733668418791713_8884677695577870118_n-1-1024x478.jpg\" alt=\"\" class=\"wp-image-1029\" srcset=\"https:\/\/astronomiamadeira.pt\/wp-content\/uploads\/2025\/01\/407397177_733668418791713_8884677695577870118_n-1-1024x478.jpg 1024w, https:\/\/astronomiamadeira.pt\/wp-content\/uploads\/2025\/01\/407397177_733668418791713_8884677695577870118_n-1-300x140.jpg 300w, https:\/\/astronomiamadeira.pt\/wp-content\/uploads\/2025\/01\/407397177_733668418791713_8884677695577870118_n-1-768x359.jpg 768w, https:\/\/astronomiamadeira.pt\/wp-content\/uploads\/2025\/01\/407397177_733668418791713_8884677695577870118_n-1-1536x717.jpg 1536w, https:\/\/astronomiamadeira.pt\/wp-content\/uploads\/2025\/01\/407397177_733668418791713_8884677695577870118_n-1.jpg 1600w\" sizes=\"auto, (max-width: 1024px) 100vw, 1024px\" \/><\/figure>\n\n\n\n<figure class=\"wp-block-image size-large\"><img loading=\"lazy\" decoding=\"async\" width=\"1024\" height=\"632\" data-id=\"1028\" src=\"https:\/\/astronomiamadeira.pt\/wp-content\/uploads\/2025\/01\/318118755_5649283945125486_8684129616757244036_n-1024x632.jpg\" alt=\"\" class=\"wp-image-1028\" srcset=\"https:\/\/astronomiamadeira.pt\/wp-content\/uploads\/2025\/01\/318118755_5649283945125486_8684129616757244036_n-1024x632.jpg 1024w, https:\/\/astronomiamadeira.pt\/wp-content\/uploads\/2025\/01\/318118755_5649283945125486_8684129616757244036_n-300x185.jpg 300w, https:\/\/astronomiamadeira.pt\/wp-content\/uploads\/2025\/01\/318118755_5649283945125486_8684129616757244036_n-768x474.jpg 768w, https:\/\/astronomiamadeira.pt\/wp-content\/uploads\/2025\/01\/318118755_5649283945125486_8684129616757244036_n-1536x948.jpg 1536w, https:\/\/astronomiamadeira.pt\/wp-content\/uploads\/2025\/01\/318118755_5649283945125486_8684129616757244036_n.jpg 2048w\" sizes=\"auto, (max-width: 1024px) 100vw, 1024px\" \/><\/figure>\n\n\n\n<figure class=\"wp-block-image size-large\"><img loading=\"lazy\" decoding=\"async\" width=\"1024\" height=\"561\" data-id=\"1027\" src=\"https:\/\/astronomiamadeira.pt\/wp-content\/uploads\/2025\/01\/317952903_5662794703774410_8488435238584320612_n-1024x561.jpg\" alt=\"\" class=\"wp-image-1027\" srcset=\"https:\/\/astronomiamadeira.pt\/wp-content\/uploads\/2025\/01\/317952903_5662794703774410_8488435238584320612_n-1024x561.jpg 1024w, https:\/\/astronomiamadeira.pt\/wp-content\/uploads\/2025\/01\/317952903_5662794703774410_8488435238584320612_n-300x164.jpg 300w, https:\/\/astronomiamadeira.pt\/wp-content\/uploads\/2025\/01\/317952903_5662794703774410_8488435238584320612_n-768x420.jpg 768w, https:\/\/astronomiamadeira.pt\/wp-content\/uploads\/2025\/01\/317952903_5662794703774410_8488435238584320612_n-1536x841.jpg 1536w, https:\/\/astronomiamadeira.pt\/wp-content\/uploads\/2025\/01\/317952903_5662794703774410_8488435238584320612_n.jpg 2048w\" sizes=\"auto, (max-width: 1024px) 100vw, 1024px\" \/><\/figure>\n\n\n\n<figure class=\"wp-block-image size-large\"><img loading=\"lazy\" decoding=\"async\" width=\"1024\" height=\"683\" data-id=\"1024\" src=\"https:\/\/astronomiamadeira.pt\/wp-content\/uploads\/2025\/01\/344744520_1248335099119087_7355589183696376256_n-1024x683.jpg\" alt=\"\" class=\"wp-image-1024\" srcset=\"https:\/\/astronomiamadeira.pt\/wp-content\/uploads\/2025\/01\/344744520_1248335099119087_7355589183696376256_n-1024x683.jpg 1024w, https:\/\/astronomiamadeira.pt\/wp-content\/uploads\/2025\/01\/344744520_1248335099119087_7355589183696376256_n-300x200.jpg 300w, https:\/\/astronomiamadeira.pt\/wp-content\/uploads\/2025\/01\/344744520_1248335099119087_7355589183696376256_n-768x512.jpg 768w, https:\/\/astronomiamadeira.pt\/wp-content\/uploads\/2025\/01\/344744520_1248335099119087_7355589183696376256_n-1536x1024.jpg 1536w, https:\/\/astronomiamadeira.pt\/wp-content\/uploads\/2025\/01\/344744520_1248335099119087_7355589183696376256_n.jpg 2048w\" sizes=\"auto, (max-width: 1024px) 100vw, 1024px\" \/><\/figure>\n\n\n\n<figure class=\"wp-block-image size-large\"><img loading=\"lazy\" decoding=\"async\" width=\"1024\" height=\"683\" data-id=\"1022\" src=\"https:\/\/astronomiamadeira.pt\/wp-content\/uploads\/2025\/01\/317283517_5637959266257954_615809947380180616_n-1024x683.jpg\" alt=\"\" class=\"wp-image-1022\" srcset=\"https:\/\/astronomiamadeira.pt\/wp-content\/uploads\/2025\/01\/317283517_5637959266257954_615809947380180616_n-1024x683.jpg 1024w, https:\/\/astronomiamadeira.pt\/wp-content\/uploads\/2025\/01\/317283517_5637959266257954_615809947380180616_n-300x200.jpg 300w, https:\/\/astronomiamadeira.pt\/wp-content\/uploads\/2025\/01\/317283517_5637959266257954_615809947380180616_n-768x512.jpg 768w, https:\/\/astronomiamadeira.pt\/wp-content\/uploads\/2025\/01\/317283517_5637959266257954_615809947380180616_n-1536x1024.jpg 1536w, https:\/\/astronomiamadeira.pt\/wp-content\/uploads\/2025\/01\/317283517_5637959266257954_615809947380180616_n.jpg 2048w\" sizes=\"auto, (max-width: 1024px) 100vw, 1024px\" \/><\/figure>\n<\/figure>\n\n\n\n<p>Adicionalmente, est\u00e3o dispon\u00edveis visitas ao observat\u00f3rio localizado no Pico do Areeiro, oferecendo aos estudantes uma oportunidade \u00fanica de observar e aprender sobre o universo atrav\u00e9s de equipamentos especializados e num ambiente privilegiado para a astronomia.<\/p>\n\n\n\n<p>Para mais informa\u00e7\u00f5es, solicitamos o contacto para o nosso email aam@astronomiamadeira.pt.<\/p>\n\n\n\n<p><\/p>\n","protected":false},"excerpt":{"rendered":"<p>A Associa\u00e7\u00e3o de Astronomia da Madeira promove palestras e sess\u00f5es educativas de astronomia em todas as escolas da regi\u00e3o, abrangendo o 2.\u00ba e o 3.\u00ba ciclos do ensino b\u00e1sico e o ensino secund\u00e1rio. Estas atividades, cuidadosamente preparadas, t\u00eam como objetivo despertar o interesse pela ci\u00eancia, estimular a curiosidade dos alunos e refor\u00e7ar os conhecimentos relacionados [&hellip;]<\/p>\n","protected":false},"author":1,"featured_media":0,"parent":0,"menu_order":0,"comment_status":"closed","ping_status":"closed","template":"","meta":{"cybocfi_hide_featured_image":"","footnotes":""},"class_list":["post-900","page","type-page","status-publish","hentry"],"blocksy_meta":[],"_links":{"self":[{"href":"https:\/\/astronomiamadeira.pt\/index.php?rest_route=\/wp\/v2\/pages\/900","targetHints":{"allow":["GET"]}}],"collection":[{"href":"https:\/\/astronomiamadeira.pt\/index.php?rest_route=\/wp\/v2\/pages"}],"about":[{"href":"https:\/\/astronomiamadeira.pt\/index.php?rest_route=\/wp\/v2\/types\/page"}],"author":[{"embeddable":true,"href":"https:\/\/astronomiamadeira.pt\/index.php?rest_route=\/wp\/v2\/users\/1"}],"replies":[{"embeddable":true,"href":"https:\/\/astronomiamadeira.pt\/index.php?rest_route=%2Fwp%2Fv2%2Fcomments&post=900"}],"version-history":[{"count":4,"href":"https:\/\/astronomiamadeira.pt\/index.php?rest_route=\/wp\/v2\/pages\/900\/revisions"}],"predecessor-version":[{"id":1031,"href":"https:\/\/astronomiamadeira.pt\/index.php?rest_route=\/wp\/v2\/pages\/900\/revisions\/1031"}],"wp:attachment":[{"href":"https:\/\/astronomiamadeira.pt\/index.php?rest_route=%2Fwp%2Fv2%2Fmedia&parent=900"}],"curies":[{"name":"wp","href":"https:\/\/api.w.org\/{rel}","templated":true}]}}